{"id":203,"date":"2014-12-03T16:57:47","date_gmt":"2014-12-03T15:57:47","guid":{"rendered":"https:\/\/stpierre-teille.fr\/?page_id=203"},"modified":"2018-09-25T16:17:32","modified_gmt":"2018-09-25T15:17:32","slug":"horaires","status":"publish","type":"page","link":"https:\/\/stpierre-teille.fr\/?page_id=203","title":{"rendered":"Horaires"},"content":{"rendered":"<p>Voici les horaires de l&rsquo;\u00e9cole :<\/p>\n<p><strong><span style=\"text-decoration: underline;\">MATIN :<\/span><\/strong><\/p>\n<p>Ouverture des portails : 8 h 40<\/p>\n<p>D\u00e9but des cours : 8 h 50<\/p>\n<p>Fin des cours : 11 h 45<\/p>\n<p><span style=\"text-decoration: underline;\"><strong>Pause M\u00e9ridienne :<\/strong><\/span> 11 h 45 &#8211; 12 h 55<\/p>\n<p><span style=\"text-decoration: underline;\"><strong>APRES-MIDI :<\/strong> <\/span><\/p>\n<p>Ouverture des portails : 12 h 55<\/p>\n<p>D\u00e9but des cours : 13 h 05<\/p>\n<p>Fin des cours : 16 h 25<\/p>\n<p><em><span style=\"color: #3366ff;\">Aide personnalis\u00e9e et aide aux devoirs de <\/span><\/em><em><span style=\"color: #3366ff;\">16 h 25 \u00e0 17 h&nbsp;25 le lundi&nbsp;et le jeudi<\/span><\/em><\/p>\n","protected":false},"excerpt":{"rendered":"<p>Voici les horaires de l&rsquo;\u00e9cole : MATIN : Ouverture des portails : 8 h 40 D\u00e9but des cours : 8 h 50 Fin des cours : 11 h 45 Pause M\u00e9ridienne : 11 h 45 &#8211; 12 h 55 APRES-MIDI : Ouverture des portails : 12 h 55 D\u00e9but des cours : 13 h 05&hellip; <br \/> <a class=\"read-more\" href=\"https:\/\/stpierre-teille.fr\/?page_id=203\">Lire la suite<\/a><\/p>\n","protected":false},"author":2,"featured_media":0,"parent":0,"menu_order":0,"comment_status":"closed","ping_status":"closed","template":"","meta":{"ngg_post_thumbnail":0,"footnotes":""},"class_list":["post-203","page","type-page","status-publish","hentry"],"_links":{"self":[{"href":"https:\/\/stpierre-teille.fr\/index.php?rest_route=\/wp\/v2\/pages\/203","targetHints":{"allow":["GET"]}}],"collection":[{"href":"https:\/\/stpierre-teille.fr\/index.php?rest_route=\/wp\/v2\/pages"}],"about":[{"href":"https:\/\/stpierre-teille.fr\/index.php?rest_route=\/wp\/v2\/types\/page"}],"author":[{"embeddable":true,"href":"https:\/\/stpierre-teille.fr\/index.php?rest_route=\/wp\/v2\/users\/2"}],"replies":[{"embeddable":true,"href":"https:\/\/stpierre-teille.fr\/index.php?rest_route=%2Fwp%2Fv2%2Fcomments&post=203"}],"version-history":[{"count":0,"href":"https:\/\/stpierre-teille.fr\/index.php?rest_route=\/wp\/v2\/pages\/203\/revisions"}],"wp:attachment":[{"href":"https:\/\/stpierre-teille.fr\/index.php?rest_route=%2Fwp%2Fv2%2Fmedia&parent=203"}],"curies":[{"name":"wp","href":"https:\/\/api.w.org\/{rel}","templated":true}]}}