{"id":2,"date":"2014-10-09T12:59:50","date_gmt":"2014-10-09T11:59:50","guid":{"rendered":"https:\/\/stpierre-teille.fr\/?page_id=2"},"modified":"2026-02-13T07:04:19","modified_gmt":"2026-02-13T06:04:19","slug":"accueil","status":"publish","type":"page","link":"https:\/\/stpierre-teille.fr\/","title":{"rendered":""},"content":{"rendered":"<div id=\"pl-2\"  class=\"panel-layout\" ><div id=\"pg-2-0\"  class=\"panel-grid panel-no-style\" ><div id=\"pgc-2-0-0\"  class=\"panel-grid-cell\" ><div id=\"panel-2-0-0-0\" class=\"so-panel widget widget_sow-editor panel-first-child\" data-index=\"0\" ><div class=\"panel-widget-style panel-widget-style-for-2-0-0-0\" ><div\n\t\t\t\n\t\t\tclass=\"so-widget-sow-editor so-widget-sow-editor-base\"\n\t\t\t\n\t\t><h3 class=\"widget-title\">Portes Ouvertes - 7 mars 2026<\/h3>\n<div class=\"siteorigin-widget-tinymce textwidget\">\n\t<p><a href=\"https:\/\/stpierre-teille.fr\/wp-content\/uploads\/2026\/02\/Affiche-portes-ouvertes-2026.png\"><img loading=\"lazy\" decoding=\"async\" class=\"aligncenter wp-image-3595 size-large\" src=\"https:\/\/stpierre-teille.fr\/wp-content\/uploads\/2026\/02\/Affiche-portes-ouvertes-2026-747x1024.png\" alt=\"\" width=\"747\" height=\"1024\" srcset=\"https:\/\/stpierre-teille.fr\/wp-content\/uploads\/2026\/02\/Affiche-portes-ouvertes-2026-747x1024.png 747w, https:\/\/stpierre-teille.fr\/wp-content\/uploads\/2026\/02\/Affiche-portes-ouvertes-2026-219x300.png 219w, https:\/\/stpierre-teille.fr\/wp-content\/uploads\/2026\/02\/Affiche-portes-ouvertes-2026-768x1052.png 768w, https:\/\/stpierre-teille.fr\/wp-content\/uploads\/2026\/02\/Affiche-portes-ouvertes-2026.png 864w\" sizes=\"auto, (max-width: 747px) 100vw, 747px\" \/><\/a><\/p>\n<\/div>\n<\/div><\/div><\/div><div id=\"panel-2-0-0-1\" class=\"so-panel widget widget_sow-editor panel-last-child\" data-index=\"1\" ><div class=\"panel-widget-style panel-widget-style-for-2-0-0-1\" ><div\n\t\t\t\n\t\t\tclass=\"so-widget-sow-editor so-widget-sow-editor-base\"\n\t\t\t\n\t\t><h3 class=\"widget-title\">Diaporama \u00e9l\u00e8ves 2025-2026<\/h3>\n<div class=\"siteorigin-widget-tinymce textwidget\">\n\t<p>&nbsp;<\/p>\nngg_shortcode_0_placeholder\n<\/div>\n<\/div><\/div><\/div><\/div><div id=\"pgc-2-0-1\"  class=\"panel-grid-cell\" ><div id=\"panel-2-0-1-0\" class=\"so-panel widget widget_sow-editor panel-first-child panel-last-child\" data-index=\"2\" ><div class=\"panel-widget-style panel-widget-style-for-2-0-1-0\" ><div\n\t\t\t\n\t\t\tclass=\"so-widget-sow-editor so-widget-sow-editor-base\"\n\t\t\t\n\t\t><h3 class=\"widget-title\">INSCRIPTIONS 2026-2027<\/h3>\n<div class=\"siteorigin-widget-tinymce textwidget\">\n\t<p><a href=\"https:\/\/stpierre-teille.fr\/wp-content\/uploads\/2022\/01\/flyer-ecole-Teille-jpeg.jpg\"><img loading=\"lazy\" decoding=\"async\" class=\"aligncenter wp-image-2287 size-full\" src=\"https:\/\/stpierre-teille.fr\/wp-content\/uploads\/2022\/01\/flyer-ecole-Teille-jpeg.jpg\" alt=\"\" width=\"620\" height=\"874\" srcset=\"https:\/\/stpierre-teille.fr\/wp-content\/uploads\/2022\/01\/flyer-ecole-Teille-jpeg.jpg 620w, https:\/\/stpierre-teille.fr\/wp-content\/uploads\/2022\/01\/flyer-ecole-Teille-jpeg-213x300.jpg 213w\" sizes=\"auto, (max-width: 620px) 100vw, 620px\" \/><\/a><\/p>\n<p>Pour inscrire un enfant \u00e0 l'\u00e9cole Saint Pierre :<\/p>\n<p>Le chef d'\u00e9tablissement, Gildas CHAUVEAU, se tient \u00e0 votre disposition. N'h\u00e9sitez pas \u00e0 prendre contact pour fixer un rendez-vous au cours duquel nous ferons connaissance, vous pourrez d\u00e9couvrir l'\u00e9cole et poser toutes vos questions.<\/p>\n<p>Pour prendre contact :<\/p>\n<ul>\n<li>par mail \u00e0 l'adresse : <a href=\"mailto:ec.teille.st-pierre@ec44.fr\" target=\"_blank\" rel=\"noopener\" data-cke-saved-href=\"mailto:ec.teille.st-pierre@ec44.fr\">ec.teille.st-pierre@ec44.fr<\/a><\/li>\n<li>par t\u00e9l\u00e9phone au 02 40 97 71 71 (ne pas h\u00e9siter \u00e0 laisser un message sur le r\u00e9pondeur)<\/li>\n<\/ul>\n<\/div>\n<\/div><\/div><\/div><\/div><\/div><div id=\"pg-2-1\"  class=\"panel-grid panel-no-style\" ><div id=\"pgc-2-1-0\"  class=\"panel-grid-cell panel-grid-cell-empty\" ><\/div><\/div><div id=\"pg-2-2\"  class=\"panel-grid panel-no-style\" ><div id=\"pgc-2-2-0\"  class=\"panel-grid-cell\" ><div id=\"panel-2-2-0-0\" class=\"so-panel widget widget_sow-post-carousel panel-first-child panel-last-child\" data-index=\"3\" ><div class=\"panel-widget-style panel-widget-style-for-2-2-0-0\" ><div\n\t\t\t\n\t\t\tclass=\"so-widget-sow-post-carousel so-widget-sow-post-carousel-base-4b6b1e8c40bc-2\"\n\t\t\t\n\t\t>\t<div\n\t\tclass=\"sow-post-carousel-wrapper sow-post-carousel-theme-base\"\n\t\tstyle=\"overflow: hidden; max-width: 100%; min-height: 182px\"\n\t>\n\t\t<div class=\"sow-carousel-title has-title\">\n\t<h3 class=\"widget-title\">Derniers articles<\/h3>\t\t<div class=\"sow-carousel-navigation \">\n\t\t\t\t\t\t<a href=\"#\" class=\"sow-carousel-next\" title=\"Suivant\" aria-label=\"Next Posts\" role=\"button\"><\/a>\n\t\t\t\t\t\t<a href=\"#\" class=\"sow-carousel-previous\" title=\"Pr\u00e9c\u00e9dent\" aria-label=\"Previous Posts\" role=\"button\"><\/a>\n\t\t\t\t\t<\/div>\n\t<\/div>\n\n<div class=\"sow-carousel-container \">\n\t\t<div class=\"sow-carousel-wrapper\"\n\t\tdata-dir=\"ltr\"\n\t\tstyle=\"opacity: 0;\"\n\t\tdata-widget=\"post\" data-fetching=\"false\" data-page=\"1\" data-ajax-url=\"https:\/\/stpierre-teille.fr\/wp-admin\/admin-ajax.php?_widgets_nonce=5cbde5c225\" data-item_count=\"113\" data-carousel_settings=\"{&quot;loop&quot;:true,&quot;animation&quot;:&quot;ease&quot;,&quot;animation_speed&quot;:800,&quot;autoplay&quot;:&quot;&quot;,&quot;pauseOnHover&quot;:&quot;&quot;,&quot;autoplaySpeed&quot;:8000,&quot;item_overflow&quot;:true,&quot;autoplay_continuous_scroll&quot;:false}\" data-responsive=\"{&quot;desktop_slides_to_scroll&quot;:1,&quot;tablet_landscape_breakpoint&quot;:1366,&quot;tablet_landscape_slides_to_scroll&quot;:2,&quot;tablet_portrait_breakpoint&quot;:1025,&quot;tablet_portrait_slides_to_scroll&quot;:2,&quot;mobile_breakpoint&quot;:480,&quot;mobile_slides_to_scroll&quot;:1}\" data-variable_width=\"true\" \t>\n\t\t<div\n\t\t\tclass=\"sow-carousel-items\"\n\t\t\t\t\t>\n\t\t\t\t<div class=\"sow-carousel-item\" tabindex=\"-1\" style=\"float: left;\">\n\t\t<div class=\"sow-carousel-thumbnail\">\n\t\t\t\t\t\t\t<a\n\t\t\t\t\thref=\"https:\/\/stpierre-teille.fr\/?p=3612\"\n\t\t\t\t\t\t\t\t\t\tstyle=\"background-image: url( https:\/\/stpierre-teille.fr\/wp-content\/uploads\/2026\/03\/IMG_20260331_1343501-scaled-e1774958000789-272x182.jpg )\"\n\t\t\t\t\taria-labelledby=\"sow-carousel-id-3612\"\n\t\t\t\t\ttabindex=\"-1\"\n\t\t\t\t>\n\t\t\t\t\t<span class=\"overlay\"><\/span>\n\t\t\t\t<\/a>\n\t\t\t\t\t<\/div>\n\t\t<h3 class=\"sow-carousel-item-title\">\n\t\t\t<a\n\t\t\t\thref=\"https:\/\/stpierre-teille.fr\/?p=3612\"\n\t\t\t\tid=\"sow-carousel-id-3612\"\n\t\t\t\t\t\t\t\ttabindex=\"-1\"\n\t\t\t>\n\n\t\t\t\tSORTIE CINEMA DES MATERNELLES\t\t\t<\/a>\n\t\t<\/h3>\n\t<\/div>\n\t\t<div class=\"sow-carousel-item\" tabindex=\"-1\" style=\"float: left;\">\n\t\t<div class=\"sow-carousel-thumbnail\">\n\t\t\t\t\t\t\t<a\n\t\t\t\t\thref=\"https:\/\/stpierre-teille.fr\/?p=3599\"\n\t\t\t\t\t\t\t\t\t\tstyle=\"background-image: url( https:\/\/stpierre-teille.fr\/wp-content\/uploads\/2026\/03\/IMG-20260323-WA00191-272x182.jpg )\"\n\t\t\t\t\taria-labelledby=\"sow-carousel-id-3599\"\n\t\t\t\t\ttabindex=\"-1\"\n\t\t\t\t>\n\t\t\t\t\t<span class=\"overlay\"><\/span>\n\t\t\t\t<\/a>\n\t\t\t\t\t<\/div>\n\t\t<h3 class=\"sow-carousel-item-title\">\n\t\t\t<a\n\t\t\t\thref=\"https:\/\/stpierre-teille.fr\/?p=3599\"\n\t\t\t\tid=\"sow-carousel-id-3599\"\n\t\t\t\t\t\t\t\ttabindex=\"-1\"\n\t\t\t>\n\n\t\t\t\tLES CORRESPONDANTS DES MATERNELLES\t\t\t<\/a>\n\t\t<\/h3>\n\t<\/div>\n\t\t<div class=\"sow-carousel-item\" tabindex=\"-1\" style=\"float: left;\">\n\t\t<div class=\"sow-carousel-thumbnail\">\n\t\t\t\t\t\t\t<a\n\t\t\t\t\thref=\"https:\/\/stpierre-teille.fr\/?p=3580\"\n\t\t\t\t\t\t\t\t\t\tstyle=\"background-image: url( https:\/\/stpierre-teille.fr\/wp-content\/uploads\/2026\/02\/IMG_20260210_0918431-272x182.jpg )\"\n\t\t\t\t\taria-labelledby=\"sow-carousel-id-3580\"\n\t\t\t\t\ttabindex=\"-1\"\n\t\t\t\t>\n\t\t\t\t\t<span class=\"overlay\"><\/span>\n\t\t\t\t<\/a>\n\t\t\t\t\t<\/div>\n\t\t<h3 class=\"sow-carousel-item-title\">\n\t\t\t<a\n\t\t\t\thref=\"https:\/\/stpierre-teille.fr\/?p=3580\"\n\t\t\t\tid=\"sow-carousel-id-3580\"\n\t\t\t\t\t\t\t\ttabindex=\"-1\"\n\t\t\t>\n\n\t\t\t\tLE LIVRE DANS TOUS SES ETATS\t\t\t<\/a>\n\t\t<\/h3>\n\t<\/div>\n\t\t<div class=\"sow-carousel-item\" tabindex=\"-1\" style=\"float: left;\">\n\t\t<div class=\"sow-carousel-thumbnail\">\n\t\t\t\t\t\t\t<a\n\t\t\t\t\thref=\"https:\/\/stpierre-teille.fr\/?p=3524\"\n\t\t\t\t\t\t\t\t\t\tstyle=\"background-image: url( https:\/\/stpierre-teille.fr\/wp-content\/uploads\/2025\/12\/20251218_143527-272x182.jpg )\"\n\t\t\t\t\taria-labelledby=\"sow-carousel-id-3524\"\n\t\t\t\t\ttabindex=\"-1\"\n\t\t\t\t>\n\t\t\t\t\t<span class=\"overlay\"><\/span>\n\t\t\t\t<\/a>\n\t\t\t\t\t<\/div>\n\t\t<h3 class=\"sow-carousel-item-title\">\n\t\t\t<a\n\t\t\t\thref=\"https:\/\/stpierre-teille.fr\/?p=3524\"\n\t\t\t\tid=\"sow-carousel-id-3524\"\n\t\t\t\t\t\t\t\ttabindex=\"-1\"\n\t\t\t>\n\n\t\t\t\tSPECTACLE OFFERT PAR LA MAIRIE\t\t\t<\/a>\n\t\t<\/h3>\n\t<\/div>\n\t\t<div class=\"sow-carousel-item\" tabindex=\"-1\" style=\"float: left;\">\n\t\t<div class=\"sow-carousel-thumbnail\">\n\t\t\t\t\t\t\t<a\n\t\t\t\t\thref=\"https:\/\/stpierre-teille.fr\/?p=3522\"\n\t\t\t\t\t\t\t\t\t\tstyle=\"background-image: url( https:\/\/stpierre-teille.fr\/wp-content\/uploads\/2025\/12\/IMG_20251218_0958311-272x182.jpg )\"\n\t\t\t\t\taria-labelledby=\"sow-carousel-id-3522\"\n\t\t\t\t\ttabindex=\"-1\"\n\t\t\t\t>\n\t\t\t\t\t<span class=\"overlay\"><\/span>\n\t\t\t\t<\/a>\n\t\t\t\t\t<\/div>\n\t\t<h3 class=\"sow-carousel-item-title\">\n\t\t\t<a\n\t\t\t\thref=\"https:\/\/stpierre-teille.fr\/?p=3522\"\n\t\t\t\tid=\"sow-carousel-id-3522\"\n\t\t\t\t\t\t\t\ttabindex=\"-1\"\n\t\t\t>\n\n\t\t\t\tC\u00e9l\u00e9bration de No\u00ebl\t\t\t<\/a>\n\t\t<\/h3>\n\t<\/div>\n\t\t<div class=\"sow-carousel-item\" tabindex=\"-1\" style=\"float: left;\">\n\t\t<div class=\"sow-carousel-thumbnail\">\n\t\t\t\t\t\t\t<a\n\t\t\t\t\thref=\"https:\/\/stpierre-teille.fr\/?p=3497\"\n\t\t\t\t\t\t\t\t\t\tstyle=\"background-image: url( https:\/\/stpierre-teille.fr\/wp-content\/uploads\/2025\/11\/20251110_142701-272x182.jpg )\"\n\t\t\t\t\taria-labelledby=\"sow-carousel-id-3497\"\n\t\t\t\t\ttabindex=\"-1\"\n\t\t\t\t>\n\t\t\t\t\t<span class=\"overlay\"><\/span>\n\t\t\t\t<\/a>\n\t\t\t\t\t<\/div>\n\t\t<h3 class=\"sow-carousel-item-title\">\n\t\t\t<a\n\t\t\t\thref=\"https:\/\/stpierre-teille.fr\/?p=3497\"\n\t\t\t\tid=\"sow-carousel-id-3497\"\n\t\t\t\t\t\t\t\ttabindex=\"-1\"\n\t\t\t>\n\n\t\t\t\tExposition &#8211; Les Artistes de demain\t\t\t<\/a>\n\t\t<\/h3>\n\t<\/div>\n\t\t<div class=\"sow-carousel-item\" tabindex=\"-1\" style=\"float: left;\">\n\t\t<div class=\"sow-carousel-thumbnail\">\n\t\t\t\t\t\t\t<a\n\t\t\t\t\thref=\"https:\/\/stpierre-teille.fr\/?p=3492\"\n\t\t\t\t\t\t\t\t\t\tstyle=\"background-image: url( https:\/\/stpierre-teille.fr\/wp-content\/uploads\/2025\/11\/DJZM0265-272x182.jpg )\"\n\t\t\t\t\taria-labelledby=\"sow-carousel-id-3492\"\n\t\t\t\t\ttabindex=\"-1\"\n\t\t\t\t>\n\t\t\t\t\t<span class=\"overlay\"><\/span>\n\t\t\t\t<\/a>\n\t\t\t\t\t<\/div>\n\t\t<h3 class=\"sow-carousel-item-title\">\n\t\t\t<a\n\t\t\t\thref=\"https:\/\/stpierre-teille.fr\/?p=3492\"\n\t\t\t\tid=\"sow-carousel-id-3492\"\n\t\t\t\t\t\t\t\ttabindex=\"-1\"\n\t\t\t>\n\n\t\t\t\tJourn\u00e9e contre le harc\u00e8lement\t\t\t<\/a>\n\t\t<\/h3>\n\t<\/div>\n\t\t<div class=\"sow-carousel-item\" tabindex=\"-1\" style=\"float: left;\">\n\t\t<div class=\"sow-carousel-thumbnail\">\n\t\t\t\t\t\t\t<a\n\t\t\t\t\thref=\"https:\/\/stpierre-teille.fr\/?p=3457\"\n\t\t\t\t\t\t\t\t\t\tstyle=\"background-image: url( https:\/\/stpierre-teille.fr\/wp-content\/uploads\/2025\/09\/HDGK5696-272x182.jpg )\"\n\t\t\t\t\taria-labelledby=\"sow-carousel-id-3457\"\n\t\t\t\t\ttabindex=\"-1\"\n\t\t\t\t>\n\t\t\t\t\t<span class=\"overlay\"><\/span>\n\t\t\t\t<\/a>\n\t\t\t\t\t<\/div>\n\t\t<h3 class=\"sow-carousel-item-title\">\n\t\t\t<a\n\t\t\t\thref=\"https:\/\/stpierre-teille.fr\/?p=3457\"\n\t\t\t\tid=\"sow-carousel-id-3457\"\n\t\t\t\t\t\t\t\ttabindex=\"-1\"\n\t\t\t>\n\n\t\t\t\tAssembl\u00e9e de rentr\u00e9e 2025\t\t\t<\/a>\n\t\t<\/h3>\n\t<\/div>\n\t\t<div class=\"sow-carousel-item\" tabindex=\"-1\" style=\"float: left;\">\n\t\t<div class=\"sow-carousel-thumbnail\">\n\t\t\t\t\t\t\t<a\n\t\t\t\t\thref=\"https:\/\/stpierre-teille.fr\/?p=3445\"\n\t\t\t\t\t\t\t\t\t\tstyle=\"background-image: url( https:\/\/stpierre-teille.fr\/wp-content\/uploads\/2025\/06\/IMG_20250603_1003531-272x182.jpg )\"\n\t\t\t\t\taria-labelledby=\"sow-carousel-id-3445\"\n\t\t\t\t\ttabindex=\"-1\"\n\t\t\t\t>\n\t\t\t\t\t<span class=\"overlay\"><\/span>\n\t\t\t\t<\/a>\n\t\t\t\t\t<\/div>\n\t\t<h3 class=\"sow-carousel-item-title\">\n\t\t\t<a\n\t\t\t\thref=\"https:\/\/stpierre-teille.fr\/?p=3445\"\n\t\t\t\tid=\"sow-carousel-id-3445\"\n\t\t\t\t\t\t\t\ttabindex=\"-1\"\n\t\t\t>\n\n\t\t\t\tGO ESCARGOTS\t\t\t<\/a>\n\t\t<\/h3>\n\t<\/div>\n\t\t<div class=\"sow-carousel-item\" tabindex=\"-1\" style=\"float: left;\">\n\t\t<div class=\"sow-carousel-thumbnail\">\n\t\t\t\t\t\t\t<a\n\t\t\t\t\thref=\"https:\/\/stpierre-teille.fr\/?p=3422\"\n\t\t\t\t\t\t\t\t\t\tstyle=\"background-image: url( https:\/\/stpierre-teille.fr\/wp-content\/uploads\/2025\/05\/IMG_20250513_0938081-272x182.jpg )\"\n\t\t\t\t\taria-labelledby=\"sow-carousel-id-3422\"\n\t\t\t\t\ttabindex=\"-1\"\n\t\t\t\t>\n\t\t\t\t\t<span class=\"overlay\"><\/span>\n\t\t\t\t<\/a>\n\t\t\t\t\t<\/div>\n\t\t<h3 class=\"sow-carousel-item-title\">\n\t\t\t<a\n\t\t\t\thref=\"https:\/\/stpierre-teille.fr\/?p=3422\"\n\t\t\t\tid=\"sow-carousel-id-3422\"\n\t\t\t\t\t\t\t\ttabindex=\"-1\"\n\t\t\t>\n\n\t\t\t\tSORTIE ARMAT\t\t\t<\/a>\n\t\t<\/h3>\n\t<\/div>\n\t\t\t<\/div>\n\t\t\t<\/div>\n\n\t<\/div>\n\t\t<input type=\"hidden\" name=\"instance_hash\" value=\"a94e541e\"\/>\n\t<\/div>\n<\/div><\/div><\/div><\/div><\/div><\/div>","protected":false},"excerpt":{"rendered":"<p>&nbsp; Pour inscrire un enfant \u00e0 l&rsquo;\u00e9cole Saint Pierre : Le chef d&rsquo;\u00e9tablissement, Gildas CHAUVEAU, se tient \u00e0 votre disposition. N&rsquo;h\u00e9sitez pas \u00e0 prendre contact pour fixer un rendez-vous au cours duquel nous ferons connaissance, vous pourrez d\u00e9couvrir l&rsquo;\u00e9cole et poser toutes vos questions. Pour prendre contact : par mail \u00e0 l&rsquo;adresse : ec.teille.st-pierre@ec44.fr par&hellip; <br \/> <a class=\"read-more\" href=\"https:\/\/stpierre-teille.fr\/\">Lire la suite<\/a><\/p>\n","protected":false},"author":1,"featured_media":0,"parent":0,"menu_order":0,"comment_status":"closed","ping_status":"closed","template":"","meta":{"ngg_post_thumbnail":0,"footnotes":""},"class_list":["post-2","page","type-page","status-publish","hentry"],"_links":{"self":[{"href":"https:\/\/stpierre-teille.fr\/index.php?rest_route=\/wp\/v2\/pages\/2","targetHints":{"allow":["GET"]}}],"collection":[{"href":"https:\/\/stpierre-teille.fr\/index.php?rest_route=\/wp\/v2\/pages"}],"about":[{"href":"https:\/\/stpierre-teille.fr\/index.php?rest_route=\/wp\/v2\/types\/page"}],"author":[{"embeddable":true,"href":"https:\/\/stpierre-teille.fr\/index.php?rest_route=\/wp\/v2\/users\/1"}],"replies":[{"embeddable":true,"href":"https:\/\/stpierre-teille.fr\/index.php?rest_route=%2Fwp%2Fv2%2Fcomments&post=2"}],"version-history":[{"count":188,"href":"https:\/\/stpierre-teille.fr\/index.php?rest_route=\/wp\/v2\/pages\/2\/revisions"}],"predecessor-version":[{"id":3597,"href":"https:\/\/stpierre-teille.fr\/index.php?rest_route=\/wp\/v2\/pages\/2\/revisions\/3597"}],"wp:attachment":[{"href":"https:\/\/stpierre-teille.fr\/index.php?rest_route=%2Fwp%2Fv2%2Fmedia&parent=2"}],"curies":[{"name":"wp","href":"https:\/\/api.w.org\/{rel}","templated":true}]}}