{"id":159,"date":"2014-12-03T16:40:26","date_gmt":"2014-12-03T15:40:26","guid":{"rendered":"https:\/\/stpierre-teille.fr\/?page_id=159"},"modified":"2015-07-13T09:33:12","modified_gmt":"2015-07-13T08:33:12","slug":"nous-contacter","status":"publish","type":"page","link":"https:\/\/stpierre-teille.fr\/?page_id=159","title":{"rendered":"Nous contacter"},"content":{"rendered":"<header class=\"entry-header\">\n<h1 class=\"entry-title\">Contacts<\/h1>\n<\/header>\n<div class=\"entry-content\">\n<h4>Ecole Saint Pierre<\/h4>\n<h4>8, rue de l&rsquo;Esp\u00e9rance<\/h4>\n<p>44 440 Teill\u00e9<\/p>\n<h5>T\u00e9l\u00e9phone : 02 40 97 71 71 (site primaire) ou 07 82 67 64 77 (site maternelle)<br \/>\nMail\u00a0 : ec.teille.st-pierre@ec44.fr<\/h5>\n<p><strong>Mr CHAUVEAU Gildas (Chef d&rsquo;\u00e9tablissement) est joignable par t\u00e9l\u00e9phone au 02 40 97 71 71 entre 8h et 8 h 30 le matin, entre 12 h et 14 h sur la pause m\u00e9ridienne et apr\u00e8s 16 h 30.\u00a0<\/strong><\/p>\n<p>Pour prendre contact avec l&rsquo;APE (Association des parents d&rsquo;\u00e9l\u00e8ves), \u00e9crire par mail \u00e0 Mr St\u00e9phane DEMARET (pr\u00e9sident de l&rsquo;association) \u00e0 l&rsquo;adresse suivante : stephanedemaret@gmail.com<\/p>\n<p>Pour prendre contact avec l&rsquo;OGEC, \u00e9crire par mail \u00e0 Mr Samuel ROBERT (pr\u00e9sident de l&rsquo;association) \u00e0 l&rsquo;adresse suivante : samuel-robert@orange.fr<br \/>\n<strong>Un probl\u00e8me particulier concernant la restauration ou la p\u00e9riscolaire : contacter la mairie au 02 40 97 23 15<br \/>\n<\/strong><\/p>\n<\/div>\n","protected":false},"excerpt":{"rendered":"<p>Contacts Ecole Saint Pierre 8, rue de l&rsquo;Esp\u00e9rance 44 440 Teill\u00e9 T\u00e9l\u00e9phone : 02 40 97 71 71 (site primaire) ou 07 82 67 64 77 (site maternelle) Mail\u00a0 : ec.teille.st-pierre@ec44.fr Mr CHAUVEAU Gildas (Chef d&rsquo;\u00e9tablissement) est joignable par t\u00e9l\u00e9phone au 02 40 97 71 71 entre 8h et 8 h 30 le matin, entre&hellip; <br \/> <a class=\"read-more\" href=\"https:\/\/stpierre-teille.fr\/?page_id=159\">Lire la suite<\/a><\/p>\n","protected":false},"author":2,"featured_media":0,"parent":0,"menu_order":0,"comment_status":"closed","ping_status":"closed","template":"","meta":{"ngg_post_thumbnail":0,"footnotes":""},"class_list":["post-159","page","type-page","status-publish","hentry"],"_links":{"self":[{"href":"https:\/\/stpierre-teille.fr\/index.php?rest_route=\/wp\/v2\/pages\/159","targetHints":{"allow":["GET"]}}],"collection":[{"href":"https:\/\/stpierre-teille.fr\/index.php?rest_route=\/wp\/v2\/pages"}],"about":[{"href":"https:\/\/stpierre-teille.fr\/index.php?rest_route=\/wp\/v2\/types\/page"}],"author":[{"embeddable":true,"href":"https:\/\/stpierre-teille.fr\/index.php?rest_route=\/wp\/v2\/users\/2"}],"replies":[{"embeddable":true,"href":"https:\/\/stpierre-teille.fr\/index.php?rest_route=%2Fwp%2Fv2%2Fcomments&post=159"}],"version-history":[{"count":0,"href":"https:\/\/stpierre-teille.fr\/index.php?rest_route=\/wp\/v2\/pages\/159\/revisions"}],"wp:attachment":[{"href":"https:\/\/stpierre-teille.fr\/index.php?rest_route=%2Fwp%2Fv2%2Fmedia&parent=159"}],"curies":[{"name":"wp","href":"https:\/\/api.w.org\/{rel}","templated":true}]}}