{"id":153,"date":"2014-12-03T16:40:11","date_gmt":"2014-12-03T15:40:11","guid":{"rendered":"https:\/\/stpierre-teille.fr\/?page_id=153"},"modified":"2014-12-09T17:18:03","modified_gmt":"2014-12-09T16:18:03","slug":"fiche-dabsence","status":"publish","type":"page","link":"https:\/\/stpierre-teille.fr\/?page_id=153","title":{"rendered":"Fiche d&rsquo;absence"},"content":{"rendered":"<p>Nos fiches d&rsquo;absences d&rsquo;\u00e9l\u00e8ves \u00e0 t\u00e9l\u00e9charger en cliquant sur le lien suivant\u00a0 :<\/p>\n<p><a href=\"https:\/\/stpierre-teille.fr\/wp-content\/uploads\/2014\/12\/bulletin-dabsence-.pdf\">bulletin d&rsquo;absence<\/a><\/p>\n","protected":false},"excerpt":{"rendered":"<p>Nos fiches d&rsquo;absences d&rsquo;\u00e9l\u00e8ves \u00e0 t\u00e9l\u00e9charger en cliquant sur le lien suivant\u00a0 : bulletin d&rsquo;absence<\/p>\n","protected":false},"author":2,"featured_media":0,"parent":0,"menu_order":0,"comment_status":"closed","ping_status":"closed","template":"","meta":{"ngg_post_thumbnail":0,"footnotes":""},"class_list":["post-153","page","type-page","status-publish","hentry"],"_links":{"self":[{"href":"https:\/\/stpierre-teille.fr\/index.php?rest_route=\/wp\/v2\/pages\/153","targetHints":{"allow":["GET"]}}],"collection":[{"href":"https:\/\/stpierre-teille.fr\/index.php?rest_route=\/wp\/v2\/pages"}],"about":[{"href":"https:\/\/stpierre-teille.fr\/index.php?rest_route=\/wp\/v2\/types\/page"}],"author":[{"embeddable":true,"href":"https:\/\/stpierre-teille.fr\/index.php?rest_route=\/wp\/v2\/users\/2"}],"replies":[{"embeddable":true,"href":"https:\/\/stpierre-teille.fr\/index.php?rest_route=%2Fwp%2Fv2%2Fcomments&post=153"}],"version-history":[{"count":0,"href":"https:\/\/stpierre-teille.fr\/index.php?rest_route=\/wp\/v2\/pages\/153\/revisions"}],"wp:attachment":[{"href":"https:\/\/stpierre-teille.fr\/index.php?rest_route=%2Fwp%2Fv2%2Fmedia&parent=153"}],"curies":[{"name":"wp","href":"https:\/\/api.w.org\/{rel}","templated":true}]}}