{"id":141,"date":"2014-12-03T16:39:41","date_gmt":"2014-12-03T15:39:41","guid":{"rendered":"https:\/\/stpierre-teille.fr\/?page_id=141"},"modified":"2025-08-21T10:39:53","modified_gmt":"2025-08-21T09:39:53","slug":"tarifs","status":"publish","type":"page","link":"https:\/\/stpierre-teille.fr\/?page_id=141","title":{"rendered":"Tarifs"},"content":{"rendered":"<header class=\"entry-header\">\n<h1 class=\"entry-title\">Les tarifs de la scolarit\u00e9<\/h1>\n<\/header>\n<div class=\"entry-content\">\n<p>Le montant de la contribution familiale par enfant est de 235 \u20ac\/an (pr\u00e9l\u00e8vements mensuels de 23.50 euros). Nous proposons aussi un tarif de solidarit\u00e9 \u00e0 255 \u20ac \/ \u00e9l\u00e8ve et un tarif de g\u00e9n\u00e9rosit\u00e9 \u00e0 275 \u20ac \/ \u00e9l\u00e8ve.<\/p>\n<p>La contribution pour les enfants de Pr\u00e9 Petite section sera de 50 % du prix de la contribution pour les autres enfants (soit 117.50 euros \u00e0 l&rsquo;ann\u00e9e). Les parents des enfants de Pr\u00e9 Petite Section faisant une rentr\u00e9e en janvier par exemple ne paieraient que 2\/3 du montant de la scolarit\u00e9 annuelle (soit 78.50 euros).<br \/>\nRemarques :<br \/>\n&#8211; L\u2019\u00e9cole a un contrat d\u2019Association avec la commune de Teill\u00e9. La municipalit\u00e9 verse un forfait communal calcul\u00e9 par rapport au co\u00fbt de fonctionnement de l\u2019\u00e9cole publique. Votre contribution est destin\u00e9e \u00e0 financer les investissements immobiliers et d&rsquo;\u00e9quipements n\u00e9cessaires, ainsi que les d\u00e9penses li\u00e9es au caract\u00e8re propre de l&rsquo;enseignement catholique dioc\u00e9sain et national. Elle couvre \u00e9galement les d\u00e9penses de fonctionnement non prises en compte par le forfait d&rsquo;externat et l&rsquo;assurance individuelle des enfants (environ 7 euros par an)<\/p>\n<p>&#8211; Il est accord\u00e9 une r\u00e9duction de 50 % de la contribution familiale pour les troisi\u00e8mes et quatri\u00e8mes enfants (et plus) scolaris\u00e9s en m\u00eame temps \u00e0 l&rsquo;\u00e9cole Saint Pierre de Teill\u00e9 (r\u00e9duction ne s&rsquo;appliquant pas aux \u00e9l\u00e8ves de Pr\u00e9 Petite Section)<\/p>\n<\/div>\n<p>&nbsp;<\/p>\n","protected":false},"excerpt":{"rendered":"<p>Les tarifs de la scolarit\u00e9 Le montant de la contribution familiale par enfant est de 235 \u20ac\/an (pr\u00e9l\u00e8vements mensuels de 23.50 euros). Nous proposons aussi un tarif de solidarit\u00e9 \u00e0 255 \u20ac \/ \u00e9l\u00e8ve et un tarif de g\u00e9n\u00e9rosit\u00e9 \u00e0 275 \u20ac \/ \u00e9l\u00e8ve. La contribution pour les enfants de Pr\u00e9 Petite section sera de&hellip; <br \/> <a class=\"read-more\" href=\"https:\/\/stpierre-teille.fr\/?page_id=141\">Lire la suite<\/a><\/p>\n","protected":false},"author":2,"featured_media":0,"parent":0,"menu_order":0,"comment_status":"closed","ping_status":"closed","template":"","meta":{"ngg_post_thumbnail":0,"footnotes":""},"class_list":["post-141","page","type-page","status-publish","hentry"],"_links":{"self":[{"href":"https:\/\/stpierre-teille.fr\/index.php?rest_route=\/wp\/v2\/pages\/141","targetHints":{"allow":["GET"]}}],"collection":[{"href":"https:\/\/stpierre-teille.fr\/index.php?rest_route=\/wp\/v2\/pages"}],"about":[{"href":"https:\/\/stpierre-teille.fr\/index.php?rest_route=\/wp\/v2\/types\/page"}],"author":[{"embeddable":true,"href":"https:\/\/stpierre-teille.fr\/index.php?rest_route=\/wp\/v2\/users\/2"}],"replies":[{"embeddable":true,"href":"https:\/\/stpierre-teille.fr\/index.php?rest_route=%2Fwp%2Fv2%2Fcomments&post=141"}],"version-history":[{"count":5,"href":"https:\/\/stpierre-teille.fr\/index.php?rest_route=\/wp\/v2\/pages\/141\/revisions"}],"predecessor-version":[{"id":3454,"href":"https:\/\/stpierre-teille.fr\/index.php?rest_route=\/wp\/v2\/pages\/141\/revisions\/3454"}],"wp:attachment":[{"href":"https:\/\/stpierre-teille.fr\/index.php?rest_route=%2Fwp%2Fv2%2Fmedia&parent=141"}],"curies":[{"name":"wp","href":"https:\/\/api.w.org\/{rel}","templated":true}]}}