{"id":123,"date":"2014-12-03T16:38:42","date_gmt":"2014-12-03T15:38:42","guid":{"rendered":"https:\/\/stpierre-teille.fr\/?page_id=123"},"modified":"2025-08-21T10:35:46","modified_gmt":"2025-08-21T09:35:46","slug":"organisation-pedagogique","status":"publish","type":"page","link":"https:\/\/stpierre-teille.fr\/?page_id=123","title":{"rendered":"Organisation p\u00e9dagogique"},"content":{"rendered":"<div id=\"main-core\">\n<article id=\"post-28\" class=\"post-28 page type-page status-publish hentry\">Cette ann\u00e9e, l\u2019\u00e9cole Saint Pierre compte 78 \u00e9l\u00e8ves r\u00e9partis en 3 classes :<\/article>\n<article><\/article>\n<article class=\"post-28 page type-page status-publish hentry\">\u2013 26 TPS \u2013 PS \u2013 MS : <span style=\"color: #3366ff;\">Marie LHOPITALLIER<\/span> aid\u00e9e de Ma\u00e9lis PICHON<span style=\"color: #3366ff;\">&nbsp;<\/span>(Aide Maternelle)<br \/>\n\u2013 25 GS &#8211; CP &#8211; CE1&nbsp; &nbsp; : <span style=\"color: #3366ff;\">Virginie LE GALL aid\u00e9e de Arwen AUFFRAY (en Contrat d&rsquo;apprentissage)<\/span><br \/>\n\u2013 27 CE2 &#8211; CM1 &#8211; CM2 : <span style=\"color: #3366ff;\">Gildas CHAUVEAU <span style=\"color: #000000;\">(chef d&rsquo;\u00e9tablissement) et Steven JOULIN (Alternant Master 2)<\/span><\/span><\/article>\n<article><\/article>\n<article><\/article>\n<article class=\"post-28 page type-page status-publish hentry\">Enseignantes sp\u00e9cialis\u00e9es \u2013&gt;<span style=\"color: #3366ff;\"> Ingrid MASSE <span style=\"color: #000000;\">(domaine des difficult\u00e9s d&rsquo;apprentissage) <\/span><\/span><\/article>\n<article class=\"post-28 page type-page status-publish hentry\"><\/article>\n<article class=\"post-28 page type-page status-publish hentry\"><\/article>\n<article class=\"post-28 page type-page status-publish hentry\"><\/article>\n<article class=\"post-28 page type-page status-publish hentry\">Intervenante musique : <span style=\"color: #3366ff;\">Claudie TOUBLANC<br \/>\n<\/span><\/article>\n<article>Entretien des locaux : Ma\u00e9lis PICHON et Arwen AUFFRAY<\/article>\n<article>AESH : Lucie PLUMEJEAU<\/article>\n<article><a href=\"https:\/\/stpierre-teille.fr\/wp-content\/uploads\/2022\/12\/equipe-educative-organigramme.pdf\" class=\"pdfemb-viewer\" style=\"\" data-width=\"max\" data-height=\"max\" data-toolbar=\"bottom\" data-toolbar-fixed=\"off\">\u00e9quipe \u00e9ducative organigramme<\/a><\/article>\n<article><\/article>\n<\/div>\n","protected":false},"excerpt":{"rendered":"<p>Cette ann\u00e9e, l\u2019\u00e9cole Saint Pierre compte 78 \u00e9l\u00e8ves r\u00e9partis en 3 classes : \u2013 26 TPS \u2013 PS \u2013 MS : Marie LHOPITALLIER aid\u00e9e de Ma\u00e9lis PICHON&nbsp;(Aide Maternelle) \u2013 25 GS &#8211; CP &#8211; CE1&nbsp; &nbsp; : Virginie LE GALL aid\u00e9e de Arwen AUFFRAY (en Contrat d&rsquo;apprentissage) \u2013 27 CE2 &#8211; CM1 &#8211; CM2 :&hellip; <br \/> <a class=\"read-more\" href=\"https:\/\/stpierre-teille.fr\/?page_id=123\">Lire la suite<\/a><\/p>\n","protected":false},"author":2,"featured_media":0,"parent":0,"menu_order":0,"comment_status":"closed","ping_status":"closed","template":"","meta":{"ngg_post_thumbnail":0,"footnotes":""},"class_list":["post-123","page","type-page","status-publish","hentry"],"_links":{"self":[{"href":"https:\/\/stpierre-teille.fr\/index.php?rest_route=\/wp\/v2\/pages\/123","targetHints":{"allow":["GET"]}}],"collection":[{"href":"https:\/\/stpierre-teille.fr\/index.php?rest_route=\/wp\/v2\/pages"}],"about":[{"href":"https:\/\/stpierre-teille.fr\/index.php?rest_route=\/wp\/v2\/types\/page"}],"author":[{"embeddable":true,"href":"https:\/\/stpierre-teille.fr\/index.php?rest_route=\/wp\/v2\/users\/2"}],"replies":[{"embeddable":true,"href":"https:\/\/stpierre-teille.fr\/index.php?rest_route=%2Fwp%2Fv2%2Fcomments&post=123"}],"version-history":[{"count":10,"href":"https:\/\/stpierre-teille.fr\/index.php?rest_route=\/wp\/v2\/pages\/123\/revisions"}],"predecessor-version":[{"id":3452,"href":"https:\/\/stpierre-teille.fr\/index.php?rest_route=\/wp\/v2\/pages\/123\/revisions\/3452"}],"wp:attachment":[{"href":"https:\/\/stpierre-teille.fr\/index.php?rest_route=%2Fwp%2Fv2%2Fmedia&parent=123"}],"curies":[{"name":"wp","href":"https:\/\/api.w.org\/{rel}","templated":true}]}}